{"id":503,"date":"2021-04-15T06:11:11","date_gmt":"2021-04-15T06:11:11","guid":{"rendered":"https:\/\/www.dimenzija-projekt.hr\/partneri\/"},"modified":"2021-05-25T08:57:02","modified_gmt":"2021-05-25T06:57:02","slug":"partneri","status":"publish","type":"page","link":"https:\/\/www.dimenzija-projekt.hr\/en\/partneri\/","title":{"rendered":"Partners"},"content":{"rendered":"<p>[vc_row full_width=&#8221;stretch_row&#8221; css=&#8221;.vc_custom_1619678484945{background-image: url(https:\/\/www.dimenzija-projekt.hr\/wp-content\/uploads\/2021\/04\/55.jpg?id=431) !important;background-position: center !important;background-repeat: no-repeat !important;background-size: cover !important;}&#8221;][vc_column]<div class=\"cz_gap clr  hide_on_tablet hide_on_mobile\" style=\"height: 175px\"><\/div><div class=\"cz_gap show_on_tablet clr  show_only_tablet\" style=\"height: 155px\"><\/div><div class=\"cz_gap show_on_mobile clr\" style=\"height: 135px\"><\/div>[\/vc_column][vc_column]<div id=\"cz_87127\" class=\"cz_87127 cz_title clr cz_title_pos_inline\"><div class=\"cz_title_content\"><div class=\"cz_wpe_content\"><h1>Partners<\/h1>\n<\/div><\/div><\/div>[\/vc_column][vc_column]<div class=\"cz_gap clr  hide_on_tablet hide_on_mobile\" style=\"height: 175px\"><\/div><div class=\"cz_gap show_on_tablet clr  show_only_tablet\" style=\"height: 155px\"><\/div><div class=\"cz_gap show_on_mobile clr\" style=\"height: 135px\"><\/div>[\/vc_column][\/vc_row][vc_row][vc_column]<div class=\"cz_gap clr  hide_on_tablet hide_on_mobile\" style=\"height: 75px\"><\/div><div class=\"cz_gap show_on_tablet clr  show_only_tablet\" style=\"height: 55px\"><\/div><div class=\"cz_gap show_on_mobile clr\" style=\"height: 35px\"><\/div>[\/vc_column][vc_column]<div id=\"cz_16143\" class=\"cz_16143 cz_title clr cz_title_pos_inline\"><div class=\"cz_title_content\"><div class=\"cz_wpe_content\"><h3>Below are some of the offices We work with\u2026<\/h3>\n<\/div><\/div><\/div><div id=\"cz_68513\" class=\"cz_68513 cz_title clr cz_title_pos_inline\"><div class=\"cz_title_content\"><div class=\"cz_wpe_content\"><ul>\n<li>Studio Itineris d.o.o., Dubrovnik<\/li>\n<li>Studio Lacroma d.o.o., Dubrovnik<\/li>\n<li>Crta d.o.o., Dubrovnik<\/li>\n<li>Studio Volat d.o.o., Dubrovnik<\/li>\n<li>Tlo Studio d.o.o., Dubrovnik<\/li>\n<li>Moment sile d.o.o., Dubrovnik<\/li>\n<li>Skloping d.o.o., Mlini<\/li>\n<li>A&amp;G studio d.o.o., Dubrovnik<\/li>\n<li>Tim bolje d.o.o., Vela Luka<\/li>\n<li>Kuzmani\u0107 i \u0160imunovi\u0107 projekt d.o.o., Split<\/li>\n<li>Ured ovla\u0161tenog arhitekta Jurica Jelavi\u0107, Split<\/li>\n<li>Alkar u sridu d.o.o., Sinj<\/li>\n<li>Aping d.o.o., Split<\/li>\n<\/ul>\n<\/div><\/div><\/div>[\/vc_column][\/vc_row]<\/p>\n","protected":false},"excerpt":{"rendered":"<p>[vc_row full_width=&#8221;stretch_row&#8221; css=&#8221;.vc_custom_1619678484945{background-image: url(https:\/\/www.dimenzija-projekt.hr\/wp-content\/uploads\/2021\/04\/55.jpg?id=431) !important;background-position: center !important;background-repeat: no-repeat !important;background-size: cover !important;}&#8221;][vc_column][\/vc_column][vc_column][\/vc_column][vc_column][\/vc_column][\/vc_row][vc_row][vc_column][\/vc_column][vc_column][\/vc_column][\/vc_row] &#8230; <\/p>\n","protected":false},"author":1,"featured_media":0,"parent":0,"menu_order":0,"comment_status":"closed","ping_status":"closed","template":"","meta":{"footnotes":""},"class_list":["post-503","page","type-page","status-publish","hentry"],"_links":{"self":[{"href":"https:\/\/www.dimenzija-projekt.hr\/en\/wp-json\/wp\/v2\/pages\/503","targetHints":{"allow":["GET"]}}],"collection":[{"href":"https:\/\/www.dimenzija-projekt.hr\/en\/wp-json\/wp\/v2\/pages"}],"about":[{"href":"https:\/\/www.dimenzija-projekt.hr\/en\/wp-json\/wp\/v2\/types\/page"}],"author":[{"embeddable":true,"href":"https:\/\/www.dimenzija-projekt.hr\/en\/wp-json\/wp\/v2\/users\/1"}],"replies":[{"embeddable":true,"href":"https:\/\/www.dimenzija-projekt.hr\/en\/wp-json\/wp\/v2\/comments?post=503"}],"version-history":[{"count":2,"href":"https:\/\/www.dimenzija-projekt.hr\/en\/wp-json\/wp\/v2\/pages\/503\/revisions"}],"predecessor-version":[{"id":623,"href":"https:\/\/www.dimenzija-projekt.hr\/en\/wp-json\/wp\/v2\/pages\/503\/revisions\/623"}],"wp:attachment":[{"href":"https:\/\/www.dimenzija-projekt.hr\/en\/wp-json\/wp\/v2\/media?parent=503"}],"curies":[{"name":"wp","href":"https:\/\/api.w.org\/{rel}","templated":true}]}}